{"id":162,"date":"2024-08-06T00:10:31","date_gmt":"2024-08-05T22:10:31","guid":{"rendered":"https:\/\/bopshirts.com\/versandarten\/"},"modified":"2024-08-23T20:04:03","modified_gmt":"2024-08-23T18:04:03","slug":"zahlung-und-versand","status":"publish","type":"page","link":"https:\/\/bopshirts.com\/en\/zahlung-und-versand\/","title":{"rendered":"Payment and shipping information"},"content":{"rendered":"<hr \/>\n<p style=\"text-align: justify;\">Es gelten folgende Bedingungen:<\/p>\n<p style=\"text-align: justify;\">Die Lieferung erfolgt national, europaweit (EU) und\/oder weltweit.<\/p>\n<p style=\"text-align: justify;\"><span style=\"text-decoration: underline;\">Versandkosten<\/span> (inkl. MwSt.)<\/p>\n<p style=\"text-align: justify;\">Lieferungen im Inland (Deutschland):<\/p>\n<p style=\"text-align: justify;\">Die Lieferung Ihrer Bestellung innerhalb Deutschlands erfolgt versandkostenfrei*.<\/p>\n<p style=\"text-align: justify;\">Lieferungen ins europ\u00e4ische Ausland:<\/p>\n<p style=\"text-align: justify;\">F\u00fcr die Lieferung Ihrer Bestellung in das europ\u00e4ische Ausland wird eine Versandkostenpauschale von 6,49 Euro* berechnet. Neben den Mitgliedsstaaten der Europ\u00e4ischen Union gilt diese Versandpauschale zudem f\u00fcr den Versand nach Albanien, Andorra, Bosnien und Herzegowina, Georgien, Island, Kosovo, Liechtenstein, Moldawien, Monaco, Montenegro, Norwegen, Nordmazedonien, San Marino, Schweiz. Serbien, T\u00fcrkei, Ukraine, Vatikanstadt und das Vereinigte K\u00f6nigreich.<\/p>\n<p style=\"text-align: justify;\">Lieferung weltweit (Rest der Welt):<\/p>\n<p style=\"text-align: justify;\">F\u00fcr die Lieferung Ihrer Bestellung weltweit, also au\u00dferhalb der oben angegebenen Versandziele, wird eine Versandkostenpauschale von 11,99 Euro* berechnet.<\/p>\n<p style=\"text-align: justify;\">* Die jeweiligen Versandkosten werden angezeigt, sobald eine Lieferadresse angegeben wurde.<\/p>\n<p style=\"text-align: justify;\">Standardm\u00e4\u00dfig wird Ihre Bestellung durch den Versanddienstleister DHL bearbeitet, in Ausnahmef\u00e4llen z.B. zur Gew\u00e4hrleistung der Zustellung unter besonderen Voraussetzungen, kann die Zustellung auch \u00fcber andere Dienstleister wie DPD oder Hermes erfolgen. Die Versandkostenpauschale bleibt dabei f\u00fcr unsere Kunden bestehen, eventuelle Mehrkosten werden durch BOPshirts \u00fcbernommen.<\/p>\n<p style=\"text-align: justify;\"><span style=\"text-decoration: underline;\">Lieferfristen<\/span><\/p>\n<p style=\"text-align: justify;\">Soweit im jeweiligen Angebot keine andere Frist angegeben ist, erfolgt die Lieferung im Inland (Deutschland) innerhalb von 3-4 Werktagen, bei Lieferungen ins europ\u00e4ische Ausland innerhalb von 3-7 Werktagen und bei Lieferung weltweit (Rest der Welt) 7-20 Werktage nach Vertragsschluss (bei vereinbarter Vorauszahlung ab dem Zeitpunkt der Anweisung). Beachten Sie hierbei bitte, dass an Sonn- und Feiertagen keine Zustellung erfolgt durch die Versandanbieter.<br \/>\nSollte es bei gr\u00f6\u00dferem Bestellumfang** eines Bestellers zu Verz\u00f6gerungen kommen, werden wir Kontakt aufnehmen und \u00fcber den aktuellen Stand der Auslieferung informieren.<\/p>\n<p>** Wir m\u00f6chten an dieser Stelle auf das BOPshirts-Angebot f\u00fcr Gro\u00dfh\u00e4ndler aufmerksam machen, das auch f\u00fcr gr\u00f6\u00dfere Bestellungen f\u00fcr z.B. Vereine sowohl bzgl. Produktion und Preis ist. Pers\u00f6nliche Beratung? Gern.<\/p>\n<p style=\"text-align: justify;\"><span style=\"text-decoration: underline;\">Akzeptierte Zahlungsm\u00f6glichkeiten<\/span><\/p>\n<p style=\"text-align: justify;\">Zum jetzigen Zeitpunkt (Stand 08\/2024) bieten wir Ihnen folgende Zahlungsoptionen:<\/p>\n<p>&#8211; Zahlung per PayPal (auch ohne Account)<br \/>\n&#8211; Zahlung per Kreditkarte (American Express)***<br \/>\n&#8211; Direkte Bank\u00fcberweisung<br \/>\n&#8211; Zahlung per Nachnahme<\/p>\n<p>*** Belastung des Kreditkartenkontos erfolgt mit Vertragsschluss<\/p>","protected":false},"excerpt":{"rendered":"<p>Es gelten folgende Bedingungen: Die Lieferung erfolgt national, europaweit (EU) und\/oder weltweit. Versandkosten (inkl. MwSt.) Lieferungen im Inland (Deutschland): Die Lieferung Ihrer Bestellung innerhalb Deutschlands erfolgt versandkostenfrei*. Lieferungen ins europ\u00e4ische Ausland: F\u00fcr die Lieferung Ihrer Bestellung in das europ\u00e4ische Ausland wird eine Versandkostenpauschale von 6,49 Euro* berechnet. Neben den Mitgliedsstaaten&hellip; <\/p>","protected":false},"author":1,"featured_media":0,"parent":0,"menu_order":0,"comment_status":"closed","ping_status":"closed","template":"","meta":{"footnotes":""},"class_list":["post-162","page","type-page","status-publish","hentry"],"_links":{"self":[{"href":"https:\/\/bopshirts.com\/en\/wp-json\/wp\/v2\/pages\/162","targetHints":{"allow":["GET"]}}],"collection":[{"href":"https:\/\/bopshirts.com\/en\/wp-json\/wp\/v2\/pages"}],"about":[{"href":"https:\/\/bopshirts.com\/en\/wp-json\/wp\/v2\/types\/page"}],"author":[{"embeddable":true,"href":"https:\/\/bopshirts.com\/en\/wp-json\/wp\/v2\/users\/1"}],"replies":[{"embeddable":true,"href":"https:\/\/bopshirts.com\/en\/wp-json\/wp\/v2\/comments?post=162"}],"version-history":[{"count":9,"href":"https:\/\/bopshirts.com\/en\/wp-json\/wp\/v2\/pages\/162\/revisions"}],"predecessor-version":[{"id":820,"href":"https:\/\/bopshirts.com\/en\/wp-json\/wp\/v2\/pages\/162\/revisions\/820"}],"wp:attachment":[{"href":"https:\/\/bopshirts.com\/en\/wp-json\/wp\/v2\/media?parent=162"}],"curies":[{"name":"wp","href":"https:\/\/api.w.org\/{rel}","templated":true}]}}