{"id":24,"date":"2024-08-23T20:55:49","date_gmt":"2024-08-23T18:55:49","guid":{"rendered":"https:\/\/bopshirts.com\/?page_id=24"},"modified":"2024-08-23T21:48:38","modified_gmt":"2024-08-23T19:48:38","slug":"rueckerstattung_rueckgaben","status":"publish","type":"page","link":"https:\/\/bopshirts.com\/en\/rueckerstattung_rueckgaben\/","title":{"rendered":"Informationen zu R\u00fcckerstattungen und R\u00fcckgaben"},"content":{"rendered":"<hr \/>\n<p style=\"text-align: justify;\">Sie m\u00f6chten einen erworbenes Produkt umtauschen oder wegen R\u00fcckgabe zur\u00fccksenden? Kontaktiere Sie uns bitte unter Angabe der Bestellnummer \u00fcber unser <a href=\"https:\/\/bopshirts.com\/kontakt-impressum\/\">Kontaktformular<\/a> oder schreiben Sie uns eine E-Mail an management@bopshirts.com.<\/p>\n<p style=\"text-align: justify;\"><span style=\"text-decoration: underline;\">Umtausch<\/span><\/p>\n<p style=\"text-align: justify;\">Es k\u00f6nnen nur Kleidungsst\u00fccke umgetauscht* werden und nur wenn diese in der falschen Gr\u00f6\u00dfe bestellt wurden. Nach Angabe der Bestellnummer und der ge\u00e4nderten\/gew\u00fcnschten Gr\u00f6\u00dfe wird Ihnen das entsprechende Produkt zugesandt, sobald die Retoure-Ware wieder in unserem Lager eingetroffen ist, zudem wird vorausgesetzt, dass sich die zur\u00fcckgesendete Ware in einem neuen und unbenutzten Zustand befindet. Die R\u00fccksendung erfolgt auf eigene Kosten.<br \/>\n* Um einen Umtausch zu vermeiden, nehmen Sie ein gleiches\/\u00e4hnliches Kleidungsst\u00fcck Ihres heimischen Fundus, das Ihnen angenehm zu tragen ist, breiten es flach und faltenfrei vor sich aus und messen L\u00e4nge und Breite des Kleidungsst\u00fcckes. Vergleichen Sie die gemessenen Werte mit denen der Gr\u00f6\u00dfentabellen der jeweiligen Produktbeschreibung.<\/p>\n<p style=\"text-align: justify;\"><span style=\"text-decoration: underline;\">R\u00fccksendung<\/span><\/p>\n<p style=\"text-align: justify;\">Neue und unbenutzte Produkte, die sich im also Originalzustand befinden, k\u00f6nnen innerhalb von 14 Tagen ohne Nennung von Gr\u00fcnden zur\u00fcckgegeben werden. Die R\u00fcckerstattung des Kaufpreises findet innerhalb von 14 Tagen, nach Wareneingang und Begutachtung**, auf dem Weg des gew\u00e4hlten Zahlungseingangs statt.<\/p>\n<p style=\"text-align: justify;\">** Besch\u00e4digte oder benutzte Artikel k\u00f6nnen nicht zur\u00fcckgegeben werden. Defekte Produkte k\u00f6nnen nur retourniert werden, wenn die Ware besch\u00e4digt geliefert wurde. Die R\u00fccksendung erfolgt auf eigene Kosten (besch\u00e4digte Artikel ausgenommen).<\/p>","protected":false},"excerpt":{"rendered":"<p>Sie m\u00f6chten einen erworbenes Produkt umtauschen oder wegen R\u00fcckgabe zur\u00fccksenden? Kontaktiere Sie uns bitte unter Angabe der Bestellnummer \u00fcber unser Kontaktformular oder schreiben Sie uns eine E-Mail an management@bopshirts.com. Umtausch Es k\u00f6nnen nur Kleidungsst\u00fccke umgetauscht* werden und nur wenn diese in der falschen Gr\u00f6\u00dfe bestellt wurden. Nach Angabe der Bestellnummer&hellip; <\/p>","protected":false},"author":1,"featured_media":0,"parent":0,"menu_order":0,"comment_status":"closed","ping_status":"closed","template":"","meta":{"footnotes":""},"class_list":["post-24","page","type-page","status-publish","hentry"],"_links":{"self":[{"href":"https:\/\/bopshirts.com\/en\/wp-json\/wp\/v2\/pages\/24","targetHints":{"allow":["GET"]}}],"collection":[{"href":"https:\/\/bopshirts.com\/en\/wp-json\/wp\/v2\/pages"}],"about":[{"href":"https:\/\/bopshirts.com\/en\/wp-json\/wp\/v2\/types\/page"}],"author":[{"embeddable":true,"href":"https:\/\/bopshirts.com\/en\/wp-json\/wp\/v2\/users\/1"}],"replies":[{"embeddable":true,"href":"https:\/\/bopshirts.com\/en\/wp-json\/wp\/v2\/comments?post=24"}],"version-history":[{"count":6,"href":"https:\/\/bopshirts.com\/en\/wp-json\/wp\/v2\/pages\/24\/revisions"}],"predecessor-version":[{"id":839,"href":"https:\/\/bopshirts.com\/en\/wp-json\/wp\/v2\/pages\/24\/revisions\/839"}],"wp:attachment":[{"href":"https:\/\/bopshirts.com\/en\/wp-json\/wp\/v2\/media?parent=24"}],"curies":[{"name":"wp","href":"https:\/\/api.w.org\/{rel}","templated":true}]}}