{"id":1346,"date":"2024-09-11T21:27:10","date_gmt":"2024-09-11T19:27:10","guid":{"rendered":"https:\/\/bopshirts.com\/?post_type=product&#038;p=1346"},"modified":"2026-02-17T18:09:20","modified_gmt":"2026-02-17T17:09:20","slug":"glitzerkater-non-smokin-3","status":"publish","type":"product","link":"https:\/\/bopshirts.com\/en\/product\/glitzerkater-non-smokin-3\/","title":{"rendered":"GLITZERKATER (non smokin\u2019)"},"content":{"rendered":"<p>BOP classic style<\/p>\n<p>Charakter:<\/p>\n<p>\u2022 Ringspun Premium T (Fruit of the loom)<br \/>\n\u2022 kurz\u00e4rmlig mit Rundhalsausschnitt mit Baumwolle\/LYCRA\u00ae-Rippstrick<br \/>\n\u2022 waschbar bei 60\u00b0C (bitte Reinigungshinweise bzgl. Aufdruck beachten \/ siehe unten)<br \/>\n\u2022 elegante Passform sowohl f\u00fcr Damen als auch Herren<br \/>\n\u2022 Doppeln\u00e4hte an Hals, \u00c4rmeln und Bund<br \/>\n\u2022 durchgehendes Nackenband von Schulter zu Schulter<br \/>\n\u2022 elastisches Rippstrickb\u00fcndchen am Halsausschnitt<br \/>\n\u2022 Schlauchware<br \/>\n\u2022 sehr gute Bedruckbarkeit<\/p>\n<p>Material \/ Gewicht:<\/p>\n<p>\u2022 100% Baumwolle, gek\u00e4mmt und ringgesponnen (Single Jersey)<br \/>\nwei\u00df &#8211; 190g\/m\u00b2 \/ schwarz &#8211; 195g\/m\u00b2<br \/>\nReferenz: 61-422-0<\/p>\n<p>Reinigungshinweis:<\/p>\n<p>\u2022 Aufgrund der Aufbringung des strapazierf\u00e4higen Flockdrucks wird ein problemloses W\u00e4schen des Shirts mit bis zu 40 Grad empfohlen (Herstellerangabe 60\u00b0C \/ siehe oben).<br \/>\n\u2022 Auch bzgl. der Aufbringung des ebenfalls strapazierf\u00e4higen Flexdrucks (silber- oder goldfarben mit Glitzereffekt) wird eine problemloses W\u00e4schen des Shirts mit bis zu 40 Grad empfohlen, zudem das &#8222;Drehen auf links&#8220;, also das Shirt von au\u00dfen nach innen umzudrehen.<br \/>\n\u2022 Bitte entnehmen Sie weitere Reinigungshinweise dem Etikett\/Label des gelieferten T-Shirts.<\/p>\n<p>Allgemeiner Hinweis:<\/p>\n<p>Bitte beachten Sie, dass es beim Druck auf farbige Textilien aufgrund der notwendigen Vorbehandlung zu hellen Flecken und\/oder Abdrucken auf dem Tr\u00e4germaterial kommen kann, die aber nach\/mit dem Waschen verschwinden. Also keine Panik, alles ist gut.<\/p>\n<p>___<\/p>\n<p>Gr\u00f6\u00dfen, Ma\u00dfe, Toleranzen:<\/p>\n<p>Gr\u00f6\u00dfen-\/ Ma\u00dfangaben des Herstellers:<\/p>\n<p>S &#8211; L\u00e4nge: 69,5 cm &#8211; Breite: 48,5 cm<br \/>\nM &#8211; L\u00e4nge: 72 cm &#8211; Breite: 53,5 cm<br \/>\nL &#8211; L\u00e4nge: 74,5 cm &#8211; Breite: 56 cm<br \/>\nXL &#8211; L\u00e4nge: 77 cm &#8211; Breite: 61 cm<br \/>\n2XL &#8211; L\u00e4nge: 78,5 cm &#8211; Breite: 66 cm<\/p>\n<p>Toleranzen:<\/p>\n<p>\u2022 Toleranz in Gr\u00f6\u00dfe und Breite*: \u00b12,50\/3 cm (1\/1\u00bd inch)<br \/>\n\u2022 Toleranz in Formverlust*: bis zu 5% in L\u00e4nge und\/oder Breite<\/p>\n<p>Abbildungen:<\/p>\n<p>Die Abbildungen dienen in erster Linie als Referenz und k\u00f6nnen bez\u00fcglich der Proportion Motiv\/Shirt aufgrund der auszuw\u00e4hlenden Konfektionsgr\u00f6\u00dfe* abweichen. Zur Orientierung: die Breite der jeweiligen Aufdrucke bewegt sich je nach Motiv zwischen 17 und 20 cm; wir haben uns f\u00fcr diese Breite entschieden, um auch beim Tragen einer leicht ge\u00f6ffneten Jacke das Motiv bestm\u00f6glich sichtbar zu wissen.<\/p>\n<p>* herstellungsbedingt; Werte innerhalb der gesetzlichen Vorgaben von max. 10% und entsprechend der internationalen Standards<\/p>\n<p>__<\/p>\n<p>ONLY4YOU:<\/p>\n<p>Dein BOP-Shirt wird direkt nach Deiner Bestellung exklusiv produziert und innerhalb von maximal zwei Werktagen in den Versand gegeben. So wird auch Dein BOP-Shirt zu einem kleinen Unikat und wir schonen dadurch nicht nur nebenbei auch noch die Umwelt! Wir produzieren zudem ausschlie\u00dflich in lokaler Kooperation und mit den Shirts von &#8222;Fruit of the Loom&#8220; in bew\u00e4hrter Qualit\u00e4t!<\/p>\n<p>Und solltest Du Deine Gr\u00f6\u00dfe nicht in unserem Sortiment finden, dann melde Dich bei uns, wir finden bestimmt eine L\u00f6sung! Schreib&#8216; einfach eine Mail an <a href=\"mailto:service@bopshirts.com?subject=Ich w\u00fcnsch' mir was!\">service@bopshirts.com<\/a> mit dem Betreff &#8222;Ich w\u00fcnsch&#8216; mir was!&#8220;&#8230; \ud83d\ude09<\/p>","protected":false},"excerpt":{"rendered":"<p style=\"text-align: justify;\">Der absolute Hingucker in jedem Club! Die schon bei sehr wenigem Licht irre glitzernden Katzen und Kater im 1920er Style&#8230; ob GOLD oder SILBER &#8211; sei das Lametta der Tanzfl\u00e4che!<\/p>","protected":false},"featured_media":1352,"comment_status":"open","ping_status":"closed","template":"","meta":[],"pwb-brand":[116],"product_brand":[],"product_cat":[22,25],"product_tag":[99,44,57,45],"class_list":{"0":"post-1346","1":"product","2":"type-product","3":"status-publish","4":"has-post-thumbnail","6":"pwb-brand-cool-cat-edition","7":"product_cat-black-classic","8":"product_cat-all-glitter-shirts","9":"product_tag-glitzer","10":"product_tag-streetwear","11":"product_tag-unisex","12":"product_tag-urban","14":"first","15":"instock","16":"taxable","17":"shipping-taxable","18":"purchasable","19":"product-type-variable","20":"has-default-attributes","21":"add-to-wishlist-after_add_to_cart"},"brands":[{"id":116,"name":"COOL CAT EDITION","slug":"cool-cat-edition"}],"_links":{"self":[{"href":"https:\/\/bopshirts.com\/en\/wp-json\/wp\/v2\/product\/1346","targetHints":{"allow":["GET"]}}],"collection":[{"href":"https:\/\/bopshirts.com\/en\/wp-json\/wp\/v2\/product"}],"about":[{"href":"https:\/\/bopshirts.com\/en\/wp-json\/wp\/v2\/types\/product"}],"replies":[{"embeddable":true,"href":"https:\/\/bopshirts.com\/en\/wp-json\/wp\/v2\/comments?post=1346"}],"wp:featuredmedia":[{"embeddable":true,"href":"https:\/\/bopshirts.com\/en\/wp-json\/wp\/v2\/media\/1352"}],"wp:attachment":[{"href":"https:\/\/bopshirts.com\/en\/wp-json\/wp\/v2\/media?parent=1346"}],"wp:term":[{"taxonomy":"pwb-brand","embeddable":true,"href":"https:\/\/bopshirts.com\/en\/wp-json\/wp\/v2\/pwb-brand?post=1346"},{"taxonomy":"product_brand","embeddable":true,"href":"https:\/\/bopshirts.com\/en\/wp-json\/wp\/v2\/product_brand?post=1346"},{"taxonomy":"product_cat","embeddable":true,"href":"https:\/\/bopshirts.com\/en\/wp-json\/wp\/v2\/product_cat?post=1346"},{"taxonomy":"product_tag","embeddable":true,"href":"https:\/\/bopshirts.com\/en\/wp-json\/wp\/v2\/product_tag?post=1346"}],"curies":[{"name":"wp","href":"https:\/\/api.w.org\/{rel}","templated":true}]}}