{"id":2124,"date":"2026-01-16T20:23:31","date_gmt":"2026-01-16T19:23:31","guid":{"rendered":"https:\/\/bopshirts.com\/?post_type=product&#038;p=2124"},"modified":"2026-02-19T20:36:44","modified_gmt":"2026-02-19T19:36:44","slug":"blutgraetsche-2-ynwa-front","status":"publish","type":"product","link":"https:\/\/bopshirts.com\/en\/product\/blutgraetsche-2-ynwa-front\/","title":{"rendered":"HORROR TACKLE (2) \u2022 YNWA (front)"},"content":{"rendered":"<p>Fruit of the loom &#8211; bop hoodie style<\/p>\n<p>Charakter:<\/p>\n<p>\u2022 PREMIUM HOODED SWEAT<br \/>\n\u2022 Doppelte Kapuze<br \/>\n\u2022 Beuteltasche vorne<br \/>\n\u2022 Single Jersey Nackenband<br \/>\n\u2022 B\u00fcndchen aus Baumwolle\/ Elasthan Ripp<br \/>\n\u2022 waschbar bei 40\u00b0C (bitte Reinigungshinweise bzgl. Aufdruck beachten \/ siehe unten)<br \/>\n\u2022 Gleichfarbige, flache Kordel<br \/>\n\u2022 sportlich elegante Passform sowohl f\u00fcr Damen als auch Herren<br \/>\n\u2022 hervorragende und \u00f6kologisch einwandfreie Qualit\u00e4t<\/p>\n<p>Material \/ Gewicht:<\/p>\n<p>\u2022 70% Baumwolle \/ 30% Polyester<br \/>\nschwarz &#8211; 280g\/m\u00b2<br \/>\nReferenz: 62-152-0<\/p>\n<p>Reinigungshinweis:<\/p>\n<p>\u2022 Aufgrund der Aufbringung des strapazierf\u00e4higen Flockdrucks wird ein problemloses W\u00e4schen des Shirts mit bis zu 30 Grad empfohlen (Herstellerangabe 40\u00b0C \/ siehe oben).<br \/>\n\u2022 Auch bzgl. der Aufbringung des ebenfalls strapazierf\u00e4higen Flexdrucks (silber- oder goldfarben mit Glitzereffekt) wird eine problemloses W\u00e4schen des Shirts mit bis zu 30 Grad empfohlen, zudem das &#8222;Drehen auf links&#8220;, also das Shirt von au\u00dfen nach innen umzudrehen.<br \/>\n\u2022 Bitte entnehmen Sie weitere Reinigungshinweise dem Etikett\/Label des gelieferten T-Shirts.<\/p>\n<p>Allgemeiner Hinweis:<\/p>\n<p>Bitte beachten Sie, dass es beim Druck auf farbige Textilien aufgrund der notwendigen Vorbehandlung zu hellen Flecken und\/oder Abdrucken auf dem Tr\u00e4germaterial kommen kann, die aber nach\/mit dem Waschen verschwinden. Also keine Panik, alles ist gut.<\/p>\n<p>___<\/p>\n<p>Gr\u00f6\u00dfen, Ma\u00dfe, Toleranzen:<br \/>\n(Richtwerte des Herstellers, Ma\u00dfe k\u00f6nnen variieren)<\/p>\n<p>Gr\u00f6\u00dfen-\/ Ma\u00dfangaben des Herstellers:<\/p>\n<p>S &#8211; L\u00e4nge: 68 cm &#8211; Breite: 53 cm<br \/>\nM &#8211; L\u00e4nge: 70,5 cm &#8211; Breite: 57 cm<br \/>\nL &#8211; L\u00e4nge: 73 cm &#8211; Breite: 61 cm<br \/>\nXL &#8211; L\u00e4nge: 75,5 cm &#8211; Breite: 65 cm<br \/>\n2XL &#8211; L\u00e4nge: 78 cm &#8211; Breite: 69 cm<br \/>\n3XL &#8211; L\u00e4nge: 80,5 cm &#8211; Breite: 73 cm<br \/>\n4XL &#8211; L\u00e4nge: 83 cm &#8211; Breite: 77 cm<\/p>\n<p>Toleranzen:<\/p>\n<p>\u2022 Toleranz in Gr\u00f6\u00dfe und Breite*: \u00b12,50\/3 cm (1\/1\u00bd inch)<br \/>\n\u2022 Toleranz in Formverlust*: bis zu 5% in L\u00e4nge und\/oder Breite<\/p>\n<p>Abbildungen:<\/p>\n<p>Die Abbildungen dienen in erster Linie als Referenz und k\u00f6nnen bez\u00fcglich der Proportion Motiv\/Shirt aufgrund der auszuw\u00e4hlenden Konfektionsgr\u00f6\u00dfe* abweichen. Zur Orientierung: die Breite der jeweiligen Aufdrucke bewegt sich je nach Motiv zwischen 17 und 20 cm; wir haben uns f\u00fcr diese Breite entschieden, um auch beim Tragen einer leicht ge\u00f6ffneten Jacke das Motiv bestm\u00f6glich sichtbar zu wissen.<\/p>\n<p>* herstellungsbedingt; Werte innerhalb der gesetzlichen Vorgaben von max. 10% und entsprechend der internationalen Standards<\/p>\n<p>__<\/p>\n<p>ONLY4YOU:<\/p>\n<p>Dein BOP-Hoodie wird direkt nach Deiner Bestellung exklusiv produziert und innerhalb von zwei Werktagen in den Versand gegeben. So wird auch Dein BOP-Hoodie zu einem kleinen Unikat und wir schonen dadurch nicht nur nebenbei auch noch die Umwelt! Wir produzieren zudem ausschlie\u00dflich in lokaler Kooperation und mit den Hoodies von &#8222;Fruit of the Loom&#8220; in bew\u00e4hrter Qualit\u00e4t!<\/p>\n<p>Und solltest Du Deine Gr\u00f6\u00dfe nicht in unserem Sortiment finden oder einen sonstigen &#8222;Extrawunsch&#8220; haben, dann melde Dich bei uns, wir finden bestimmt eine L\u00f6sung! Schreib&#8216; einfach eine Mail an <a href=\"mailto:service@bopshirts.com?subject=Ich w\u00fcnsch mir was!\">service@bopshirts.com<\/a> mit dem Betreff &#8222;Ich w\u00fcnsch&#8216; mir was!&#8220;&#8230; \ud83d\ude09<\/p>","protected":false},"excerpt":{"rendered":"<p>Auf dem Fu\u00dfballfeld zieht sie als \u201cMutter aller Fouls\u201d mindestens die \u201cGelbe Karte\u201d nach sich. Manchmal muss das eben einfach sein! Also, hol\u2019 Dir diesen tollen BOP-HOODIE und zeig\u2019 Deinen Freunden, Kollegen und Mitstreitern worum es letztlich immer geht\u2026 YOU\u2019LL NEVER WALK ALONE!<\/p>","protected":false},"featured_media":399,"comment_status":"closed","ping_status":"closed","template":"","meta":[],"pwb-brand":[118],"product_brand":[],"product_cat":[126,89],"product_tag":[33,39,53,90,40,32,36,44,57,45,94],"class_list":{"0":"post-2124","1":"product","2":"type-product","3":"status-publish","4":"has-post-thumbnail","6":"pwb-brand-true-love-edition","7":"product_cat-bestseller","8":"product_cat-black-hoodie","9":"product_tag-fussball","10":"product_tag-gelbe-karte","11":"product_tag-handmade","12":"product_tag-hoodie","13":"product_tag-rote-karte","14":"product_tag-soccer","15":"product_tag-sportlich","16":"product_tag-streetwear","17":"product_tag-unisex","18":"product_tag-urban","19":"product_tag-youll-never-walk-alone","21":"first","22":"instock","23":"taxable","24":"shipping-taxable","25":"purchasable","26":"product-type-variable","27":"add-to-wishlist-after_add_to_cart"},"brands":[{"id":118,"name":"TRUE LOVE EDITION","slug":"true-love-edition"}],"_links":{"self":[{"href":"https:\/\/bopshirts.com\/en\/wp-json\/wp\/v2\/product\/2124","targetHints":{"allow":["GET"]}}],"collection":[{"href":"https:\/\/bopshirts.com\/en\/wp-json\/wp\/v2\/product"}],"about":[{"href":"https:\/\/bopshirts.com\/en\/wp-json\/wp\/v2\/types\/product"}],"replies":[{"embeddable":true,"href":"https:\/\/bopshirts.com\/en\/wp-json\/wp\/v2\/comments?post=2124"}],"wp:featuredmedia":[{"embeddable":true,"href":"https:\/\/bopshirts.com\/en\/wp-json\/wp\/v2\/media\/399"}],"wp:attachment":[{"href":"https:\/\/bopshirts.com\/en\/wp-json\/wp\/v2\/media?parent=2124"}],"wp:term":[{"taxonomy":"pwb-brand","embeddable":true,"href":"https:\/\/bopshirts.com\/en\/wp-json\/wp\/v2\/pwb-brand?post=2124"},{"taxonomy":"product_brand","embeddable":true,"href":"https:\/\/bopshirts.com\/en\/wp-json\/wp\/v2\/product_brand?post=2124"},{"taxonomy":"product_cat","embeddable":true,"href":"https:\/\/bopshirts.com\/en\/wp-json\/wp\/v2\/product_cat?post=2124"},{"taxonomy":"product_tag","embeddable":true,"href":"https:\/\/bopshirts.com\/en\/wp-json\/wp\/v2\/product_tag?post=2124"}],"curies":[{"name":"wp","href":"https:\/\/api.w.org\/{rel}","templated":true}]}}