{"id":325,"date":"2024-08-09T15:56:39","date_gmt":"2024-08-09T13:56:39","guid":{"rendered":"https:\/\/bopshirts.com\/?post_type=product&#038;p=325"},"modified":"2026-02-17T18:38:00","modified_gmt":"2026-02-17T17:38:00","slug":"yoga-killz-art-left-handed","status":"publish","type":"product","link":"https:\/\/bopshirts.com\/en\/product\/yoga-killz-art-left-handed\/","title":{"rendered":"YOGA KILLZ ART (left-handed*)"},"content":{"rendered":"<p>BOPmug &#8211; Kaffeepott<\/p>\n<p>&#8222;Keramiktasse&#8220; 11oz, ORCA, wei\u00df, gl\u00e4nzend<br \/>\nWei\u00df, gl\u00e4nzende Oberfl\u00e4che mit C-f\u00f6rmigem Henkel<br \/>\nSp\u00fclmaschinenfest nach BS EN 12875-4<br \/>\nDurchmesser: ca. 80 mm<br \/>\nH\u00f6he: ca. 95 mm<br \/>\nHenkelh\u00f6he: ca. 75 mm<br \/>\nHenkelbreite: ca. 40 mm<br \/>\nGewicht: ca. 345 g<br \/>\nFassungsverm\u00f6gen: ca. 330 ml (11oz)<br \/>\nDie Motive unserer &#8222;BOPmugs&#8220; sind via Sublimationsdruck durch die Firma Blumenfisch aufgebracht.<\/p>\n<p>Weitere Informationen um Produkt:<\/p>\n<p>Die \u201eOrca\u201c-Beschichtung besticht durch eine konstante Qualit\u00e4t, sicher und gesund fu\u0308r den Haushaltsbedarf wie eben die hier angebotenen Tassen. Beim angewendeten Sublimationsdruck dringen die Farbpigmente des Motivs in den Kunststoff ein, statt an der Oberfl\u00e4che zu haften und sorgen so f\u00fcr gestochen scharfe Abbilder, die ungemein strapazierf\u00e4hig sind&#8230; so halten die &#8222;BOPmugs&#8220; beispielsweise 2.000 Waschg\u00e4nge im Geschirrsp\u00fcler problemlos aus. Die brillanten Farben bleichen auch nach jahrelangem Gebrauch nicht aus.<\/p>\n<p>Photo USA hat eine eigene Beschichtung entwickelt, die das Fotobild aufgrund der Leistungsfa\u0308higkeit der patentierten Technologie u\u0308ber Jahre hinweg bewahrt. Die Beschichtung wird ORCA genannt, was die Sta\u0308rke des Orca-Wals darstellt. Herr James Peng, der CEO von Photo USA, hat sich sehr um den Orca-Wal geku\u0308mmert, der nun auf der Liste der gefa\u0308hrdeten Arten steht und fu\u0308r die Save The Whales gespendet, sowie einen bestimmten Prozentsatz der Verka\u0308ufe bereitgestellt, um die Orca zu retten.<\/p>\n<p>Herr Peng sagte: \u201eIch habe diese spezielle Beschichtung, die ich ORCA nannte, wegen der Scho\u0308nheit und Kraft dieses erstaunlichen Tieres hergestellt. Als ich die Zersto\u0308rung ihres Lebensraums miterlebte, hatte ich beschlossen, ein Teil der Lo\u0308sung zu werden, indem ich die Save the Whales unterstu\u0308tzte, denn gemeinsam sind wir Orca stark\u201c. Wir mo\u0308chten, dass unsere Kunden wissen, dass sie mit dem Kauf unserer mit \u201eOrca\u201c beschichteten &#8222;BOPmugs auch zur Verbesserung unserer Umwelt und zur Rettung dieser gefa\u0308hrdeten Orca-Wale beitragen. Daf\u00fcr ein gro\u00dfes Extra-Dank!<\/p>\n<p>&nbsp;<\/p>","protected":false},"excerpt":{"rendered":"<p style=\"text-align: justify;\">YOGA KILLZ ART? Was soll das denn? Yoga ist doch toll!!! Ja, das finden wir auch&#8230; Einheit zwischen K\u00f6rper und Geist, totale Entspannung, Ausgeglichenheit&#8230; wunderbar. Aber auch f\u00fcr den kreativen Schaffensprozess? Braucht es hier nicht eher emotionale Erregung und den allt\u00e4glichen Wahnsinn als Motor?! Entscheiden Sie selbst! Aber eines kann ich Ihnen versprechen, f\u00fcr so manch angeregtes und streitbares Gespr\u00e4ch w\u00e4re mit diesem BOPshirt ab heute gesorgt&#8230; #yogakillzart<\/p>\n<p>*left-handed &#8211; Motiv beim Trinken f\u00fcr Dein Gegen\u00fcber sichtbar<\/p>","protected":false},"featured_media":326,"comment_status":"open","ping_status":"closed","template":"","meta":[],"pwb-brand":[120],"product_brand":[],"product_cat":[24],"product_tag":[51,53],"class_list":{"0":"post-325","1":"product","2":"type-product","3":"status-publish","4":"has-post-thumbnail","6":"pwb-brand-yoga-killz-art","7":"product_cat-kaffeebecher","8":"product_tag-fan-collection","9":"product_tag-handmade","11":"first","12":"instock","13":"taxable","14":"shipping-taxable","15":"purchasable","16":"product-type-simple","17":"add-to-wishlist-after_add_to_cart"},"brands":[{"id":120,"name":"YOGA KILLZ ART","slug":"yoga-killz-art"}],"_links":{"self":[{"href":"https:\/\/bopshirts.com\/en\/wp-json\/wp\/v2\/product\/325","targetHints":{"allow":["GET"]}}],"collection":[{"href":"https:\/\/bopshirts.com\/en\/wp-json\/wp\/v2\/product"}],"about":[{"href":"https:\/\/bopshirts.com\/en\/wp-json\/wp\/v2\/types\/product"}],"replies":[{"embeddable":true,"href":"https:\/\/bopshirts.com\/en\/wp-json\/wp\/v2\/comments?post=325"}],"wp:featuredmedia":[{"embeddable":true,"href":"https:\/\/bopshirts.com\/en\/wp-json\/wp\/v2\/media\/326"}],"wp:attachment":[{"href":"https:\/\/bopshirts.com\/en\/wp-json\/wp\/v2\/media?parent=325"}],"wp:term":[{"taxonomy":"pwb-brand","embeddable":true,"href":"https:\/\/bopshirts.com\/en\/wp-json\/wp\/v2\/pwb-brand?post=325"},{"taxonomy":"product_brand","embeddable":true,"href":"https:\/\/bopshirts.com\/en\/wp-json\/wp\/v2\/product_brand?post=325"},{"taxonomy":"product_cat","embeddable":true,"href":"https:\/\/bopshirts.com\/en\/wp-json\/wp\/v2\/product_cat?post=325"},{"taxonomy":"product_tag","embeddable":true,"href":"https:\/\/bopshirts.com\/en\/wp-json\/wp\/v2\/product_tag?post=325"}],"curies":[{"name":"wp","href":"https:\/\/api.w.org\/{rel}","templated":true}]}}