{"id":585,"date":"2024-08-12T23:13:04","date_gmt":"2024-08-12T21:13:04","guid":{"rendered":"https:\/\/bopshirts.com\/?post_type=product&#038;p=585"},"modified":"2026-02-17T18:23:52","modified_gmt":"2026-02-17T17:23:52","slug":"blutgraetsche-1-youll-never-walk-alone-3","status":"publish","type":"product","link":"https:\/\/bopshirts.com\/en\/product\/blutgraetsche-1-youll-never-walk-alone-3\/","title":{"rendered":"HORROR TACKLE (1) - YNWA"},"content":{"rendered":"<p>BOP sporty style<\/p>\n<p>Charakter:<\/p>\n<p>\u2022 Ringer T (Fruit of the loom)<br \/>\n\u2022 kurz\u00e4rmlig mit Rundhalsausschnitt mit Baumwolle\/Lycra\u00ae Ripp<br \/>\n\u2022 waschbar bei 60\u00b0C (bitte Reinigungshinweise bzgl. Aufdruck beachten \/ siehe unten)<br \/>\n\u2022 verst\u00e4rkter Nacken (Nackenband)<br \/>\n\u2022 sportlich elegante Passform sowohl f\u00fcr Damen als auch Herren<br \/>\n\u2022 Doppeln\u00e4hte an Hals, \u00c4rmeln und Bund<br \/>\n\u2022 hervorragende und \u00f6kologisch einwandfreie Qualit\u00e4t<br \/>\n\u2022 besonders hohe Maschendichte f\u00fcr bessere Bedruckbarkeit<\/p>\n<p>Material \/ Gewicht:<\/p>\n<p>\u2022 100% Baumwolle<br \/>\nwei\u00df &#8211; 160g\/m\u00b2 \/ schwarz &#8211; 165g\/m\u00b2<br \/>\nReferenz: 61-168-0<\/p>\n<p>Reinigungshinweis:<\/p>\n<p>\u2022 Aufgrund der Aufbringung des strapazierf\u00e4higen Flockdrucks wird ein problemloses W\u00e4schen des Shirts mit bis zu 40 Grad empfohlen (Herstellerangabe 60\u00b0C \/ siehe oben).<br \/>\n\u2022 Auch bzgl. der Aufbringung des ebenfalls strapazierf\u00e4higen Flexdrucks (silber- oder goldfarben mit Glitzereffekt) wird eine problemloses W\u00e4schen des Shirts mit bis zu 40 Grad empfohlen, zudem das &#8222;Drehen auf links&#8220;, also das Shirt von au\u00dfen nach innen umzudrehen.<br \/>\n\u2022 Bitte entnehmen Sie weitere Reinigungshinweise dem Etikett\/Label des gelieferten T-Shirts.<\/p>\n<p>Allgemeiner Hinweis:<\/p>\n<p>Bitte beachten Sie, dass es beim Druck auf farbige Textilien aufgrund der notwendigen Vorbehandlung zu hellen Flecken und\/oder Abdrucken auf dem Tr\u00e4germaterial kommen kann, die aber nach\/mit dem Waschen verschwinden. Also keine Panik, alles ist gut.<\/p>\n<p>___<\/p>\n<p>Gr\u00f6\u00dfen, Ma\u00dfe, Toleranzen:<\/p>\n<p>Gr\u00f6\u00dfen-\/ Ma\u00dfangaben des Herstellers:<\/p>\n<p>S &#8211; L\u00e4nge: 67,5 cm &#8211; Breite: 45,5 cm<br \/>\nM &#8211; L\u00e4nge: 70 cm &#8211; Breite: 48 cm<br \/>\nL &#8211; L\u00e4nge: 72,5 cm &#8211; Breite: 53 cm<br \/>\nXL &#8211; L\u00e4nge: 75 cm &#8211; Breite: 58,5 cm<br \/>\n2XL &#8211; L\u00e4nge: 77,5 cm &#8211; Breite: 63,5 cm<\/p>\n<p>Toleranzen:<\/p>\n<p>\u2022 Toleranz in Gr\u00f6\u00dfe und Breite*: \u00b12,50\/3 cm (1\/1\u00bd inch)<br \/>\n\u2022 Toleranz in Formverlust*: bis zu 5% in L\u00e4nge und\/oder Breite<\/p>\n<p>Abbildungen:<\/p>\n<p>Die Abbildungen dienen in erster Linie als Referenz und k\u00f6nnen bez\u00fcglich der Proportion Motiv\/Shirt aufgrund der auszuw\u00e4hlenden Konfektionsgr\u00f6\u00dfe* abweichen. Zur Orientierung: die Breite der jeweiligen Aufdrucke bewegt sich je nach Motiv zwischen 17 und 20 cm; wir haben uns f\u00fcr diese Breite entschieden, um auch beim Tragen einer leicht ge\u00f6ffneten Jacke das Motiv bestm\u00f6glich sichtbar zu wissen.<\/p>\n<p>* herstellungsbedingt; Werte innerhalb der gesetzlichen Vorgaben von max. 10% und entsprechend der internationalen Standards<\/p>\n<p>__<\/p>\n<p>ONLY4YOU:<\/p>\n<p>Dein BOP-Shirt wird direkt nach Deiner Bestellung exklusiv produziert und innerhalb von maximal zwei Werktagen in den Versand gegeben. So wird auch Dein BOP-Shirt zu einem kleinen Unikat und wir schonen dadurch nicht nur nebenbei auch noch die Umwelt! Wir produzieren zudem ausschlie\u00dflich in lokaler Kooperation und mit den Shirts von &#8222;Fruit of the Loom&#8220; in bew\u00e4hrter Qualit\u00e4t!<\/p>\n<p>Und solltest Du Deine Gr\u00f6\u00dfe nicht in unserem Sortiment finden, dann melde Dich bei uns, wir finden bestimmt eine L\u00f6sung! Schreib&#8216; einfach eine Mail an <a href=\"mailto:service@bopshirts.com?subject=Ich w\u00fcnsch' mir was!\">service@bopshirts.com<\/a> mit dem Betreff &#8222;Ich w\u00fcnsch&#8216; mir was!&#8220;&#8230; \ud83d\ude09<\/p>","protected":false},"excerpt":{"rendered":"<p style=\"text-align: justify;\">F\u00fcr die &#8222;Mutter aller Fouls&#8220; zieht der Schiri mindestens die &#8222;Gelbe Karte&#8220;, bei besonders eifrigem Einsatz auch gern die &#8222;Rote&#8220;. Aber f\u00fcr Dein neues BOP-Shirt musst Du niemanden weggr\u00e4tschen&#8230; hol&#8217;s Dir jetzt und zeig\u2019 Deinen Freunden, Kollegen und Mitstreitern worum es letztlich immer geht\u2026 YOU\u2019LL NEVER WALK ALONE!<\/p>","protected":false},"featured_media":591,"comment_status":"open","ping_status":"closed","template":"","meta":[],"pwb-brand":[118],"product_brand":[],"product_cat":[21],"product_tag":[51,33,39,53,40,32,36,44,57,45],"class_list":{"0":"post-585","1":"product","2":"type-product","3":"status-publish","4":"has-post-thumbnail","6":"pwb-brand-true-love-edition","7":"product_cat-white-sporty","8":"product_tag-fan-collection","9":"product_tag-fussball","10":"product_tag-gelbe-karte","11":"product_tag-handmade","12":"product_tag-rote-karte","13":"product_tag-soccer","14":"product_tag-sportlich","15":"product_tag-streetwear","16":"product_tag-unisex","17":"product_tag-urban","19":"first","20":"instock","21":"taxable","22":"shipping-taxable","23":"purchasable","24":"product-type-variable","25":"has-default-attributes","26":"add-to-wishlist-after_add_to_cart"},"brands":[{"id":118,"name":"TRUE LOVE EDITION","slug":"true-love-edition"}],"_links":{"self":[{"href":"https:\/\/bopshirts.com\/en\/wp-json\/wp\/v2\/product\/585","targetHints":{"allow":["GET"]}}],"collection":[{"href":"https:\/\/bopshirts.com\/en\/wp-json\/wp\/v2\/product"}],"about":[{"href":"https:\/\/bopshirts.com\/en\/wp-json\/wp\/v2\/types\/product"}],"replies":[{"embeddable":true,"href":"https:\/\/bopshirts.com\/en\/wp-json\/wp\/v2\/comments?post=585"}],"wp:featuredmedia":[{"embeddable":true,"href":"https:\/\/bopshirts.com\/en\/wp-json\/wp\/v2\/media\/591"}],"wp:attachment":[{"href":"https:\/\/bopshirts.com\/en\/wp-json\/wp\/v2\/media?parent=585"}],"wp:term":[{"taxonomy":"pwb-brand","embeddable":true,"href":"https:\/\/bopshirts.com\/en\/wp-json\/wp\/v2\/pwb-brand?post=585"},{"taxonomy":"product_brand","embeddable":true,"href":"https:\/\/bopshirts.com\/en\/wp-json\/wp\/v2\/product_brand?post=585"},{"taxonomy":"product_cat","embeddable":true,"href":"https:\/\/bopshirts.com\/en\/wp-json\/wp\/v2\/product_cat?post=585"},{"taxonomy":"product_tag","embeddable":true,"href":"https:\/\/bopshirts.com\/en\/wp-json\/wp\/v2\/product_tag?post=585"}],"curies":[{"name":"wp","href":"https:\/\/api.w.org\/{rel}","templated":true}]}}